{"id":545,"date":"2023-06-19T11:55:06","date_gmt":"2023-06-19T09:55:06","guid":{"rendered":"https:\/\/ateliernk.ch\/fr\/?page_id=545"},"modified":"2023-06-30T20:58:40","modified_gmt":"2023-06-30T18:58:40","slug":"a-propos","status":"publish","type":"page","link":"https:\/\/ateliernk.ch\/fr\/a-propos\/","title":{"rendered":"A propos"},"content":{"rendered":"\t\t<div data-elementor-type=\"wp-page\" data-elementor-id=\"545\" class=\"elementor elementor-545\">\n\t\t\t\t\t\t\t\t\t<section class=\"elementor-section elementor-top-section elementor-element elementor-element-ca99719 elementor-section-boxed elementor-section-height-default elementor-section-height-default\" data-id=\"ca99719\" data-element_type=\"section\" id=\"decouvrir\">\n\t\t\t\t\t\t<div class=\"elementor-container elementor-column-gap-default\">\n\t\t\t\t\t<div class=\"elementor-column elementor-col-100 elementor-top-column elementor-element elementor-element-64f2299\" data-id=\"64f2299\" data-element_type=\"column\">\n\t\t\t<div class=\"elementor-widget-wrap elementor-element-populated\">\n\t\t\t\t\t\t\t\t<div class=\"elementor-element elementor-element-9dbc27f subtitle-position-above elementor-align-center elementor-widget__width-initial elementor-invisible elementor-widget elementor-widget-aro-heading\" data-id=\"9dbc27f\" data-element_type=\"widget\" data-settings=\"{&quot;_animation&quot;:&quot;fadeIn&quot;}\" data-widget_type=\"aro-heading.default\">\n\t\t\t\t<div class=\"elementor-widget-container\">\n\t\t\t<div class=\"elementor-heading-wrapper-inner\"><h1 class=\"elementor-heading-title elementor-size-default\">Notre entreprise<\/h1><div class=\"elementor-sub-title\">savoir-faire - finesse - pr\u00e9cision<\/div><\/div>\t\t<\/div>\n\t\t\t\t<\/div>\n\t\t\t\t<div class=\"elementor-element elementor-element-db78158 elementor-invisible elementor-widget elementor-widget-text-editor\" data-id=\"db78158\" data-element_type=\"widget\" data-settings=\"{&quot;_animation&quot;:&quot;fadeInUp&quot;}\" data-widget_type=\"text-editor.default\">\n\t\t\t\t<div class=\"elementor-widget-container\">\n\t\t\t<style>\/*! elementor - v3.14.0 - 18-06-2023 *\/\n.elementor-widget-text-editor.elementor-drop-cap-view-stacked .elementor-drop-cap{background-color:#69727d;color:#fff}.elementor-widget-text-editor.elementor-drop-cap-view-framed .elementor-drop-cap{color:#69727d;border:3px solid;background-color:transparent}.elementor-widget-text-editor:not(.elementor-drop-cap-view-default) .elementor-drop-cap{margin-top:8px}.elementor-widget-text-editor:not(.elementor-drop-cap-view-default) .elementor-drop-cap-letter{width:1em;height:1em}.elementor-widget-text-editor .elementor-drop-cap{float:left;text-align:center;line-height:1;font-size:50px}.elementor-widget-text-editor .elementor-drop-cap-letter{display:inline-block}<\/style>\t\t\t\t<p>Cr\u00e9\u00e9 en 2003 \u00e0 Belmont-sur-Lausanne, Atelier NK est devenu le leader en Suisse dans le domaine de la <strong>gravure<\/strong> et de <strong>l\u2019usinage de pi\u00e8ces sur mesure. <\/strong><\/p><p>Nous sommes sp\u00e9cialis\u00e9s dans la <strong>d\u00e9coration<\/strong> et la <strong>r\u00e9alisation d\u2019\u00e9l\u00e9ments m\u00e9talliques<\/strong>, mais nous travaillons \u00e9galement diff\u00e9rents mat\u00e9riaux, tels que le plexiglas, les r\u00e9sines, le plastique, l\u2019acrylique et l\u2019inox, l\u2019aluminium, l\u2019alucobond ou tout autre mat\u00e9riel sur demande.<\/p><p>Notre <strong>\u00e9quipe de passionn\u00e9s polyvalents<\/strong> se tient \u00e0 vos c\u00f4t\u00e9s \u00e0 chaque \u00e9tape de votre projet pour vous garantir un produit fini de qualit\u00e9 en tout temps. Notre sens du d\u00e9tail et notre qualit\u00e9 d\u2019ex\u00e9cution se retrouvent dans chacune des phases de transformation du produit, de son usinage jusqu\u2019\u00e0 sa finition. \u00a0<\/p><p>Notre expertise nous permet de travailler \u00e0 <strong>l\u2019international<\/strong>, notamment pour des marques horlog\u00e8res de <strong>prestiges<\/strong>, ainsi que pour des clients priv\u00e9s ou des enseignes de <strong>luxe<\/strong>.<\/p>\t\t\t\t\t\t<\/div>\n\t\t\t\t<\/div>\n\t\t\t\t\t<\/div>\n\t\t<\/div>\n\t\t\t\t\t\t\t<\/div>\n\t\t<\/section>\n\t\t\t\t<section class=\"elementor-section elementor-top-section elementor-element elementor-element-a1e8440 elementor-section-full_width elementor-section-stretched elementor-section-height-default elementor-section-height-default\" data-id=\"a1e8440\" data-element_type=\"section\" data-settings=\"{&quot;stretch_section&quot;:&quot;section-stretched&quot;,&quot;background_background&quot;:&quot;classic&quot;}\">\n\t\t\t\t\t\t\t<div class=\"elementor-background-overlay\"><\/div>\n\t\t\t\t\t\t\t<div class=\"elementor-container elementor-column-gap-default\">\n\t\t\t\t\t<div class=\"elementor-column elementor-col-100 elementor-top-column elementor-element elementor-element-fa576dd\" data-id=\"fa576dd\" data-element_type=\"column\">\n\t\t\t<div class=\"elementor-widget-wrap\">\n\t\t\t\t\t\t\t\t\t<\/div>\n\t\t<\/div>\n\t\t\t\t\t\t\t<\/div>\n\t\t<\/section>\n\t\t\t\t\t\t\t<\/div>\n\t\t","protected":false},"excerpt":{"rendered":"<p>Notre entreprise savoir-faire &#8211; finesse &#8211; pr\u00e9cision Cr\u00e9\u00e9 en 2003 \u00e0 Belmont-sur-Lausanne, Atelier NK est devenu le leader en Suisse dans le domaine de la gravure et de l\u2019usinage de pi\u00e8ces sur mesure. Nous sommes sp\u00e9cialis\u00e9s dans la d\u00e9coration et la r\u00e9alisation d\u2019\u00e9l\u00e9ments m\u00e9talliques, mais nous travaillons \u00e9galement diff\u00e9rents mat\u00e9riaux, tels que le plexiglas, les [&hellip;]<\/p>\n","protected":false},"author":1,"featured_media":0,"parent":0,"menu_order":0,"comment_status":"closed","ping_status":"closed","template":"template-homepage.php","meta":{"inline_featured_image":false,"footnotes":""},"class_list":["post-545","page","type-page","status-publish","hentry"],"_links":{"self":[{"href":"https:\/\/ateliernk.ch\/fr\/wp-json\/wp\/v2\/pages\/545","targetHints":{"allow":["GET"]}}],"collection":[{"href":"https:\/\/ateliernk.ch\/fr\/wp-json\/wp\/v2\/pages"}],"about":[{"href":"https:\/\/ateliernk.ch\/fr\/wp-json\/wp\/v2\/types\/page"}],"author":[{"embeddable":true,"href":"https:\/\/ateliernk.ch\/fr\/wp-json\/wp\/v2\/users\/1"}],"replies":[{"embeddable":true,"href":"https:\/\/ateliernk.ch\/fr\/wp-json\/wp\/v2\/comments?post=545"}],"version-history":[{"count":10,"href":"https:\/\/ateliernk.ch\/fr\/wp-json\/wp\/v2\/pages\/545\/revisions"}],"predecessor-version":[{"id":675,"href":"https:\/\/ateliernk.ch\/fr\/wp-json\/wp\/v2\/pages\/545\/revisions\/675"}],"wp:attachment":[{"href":"https:\/\/ateliernk.ch\/fr\/wp-json\/wp\/v2\/media?parent=545"}],"curies":[{"name":"wp","href":"https:\/\/api.w.org\/{rel}","templated":true}]}}