{"id":521,"date":"2023-06-19T11:42:28","date_gmt":"2023-06-19T09:42:28","guid":{"rendered":"https:\/\/ateliernk.ch\/fr\/?page_id=521"},"modified":"2023-06-30T21:04:39","modified_gmt":"2023-06-30T19:04:39","slug":"realisations","status":"publish","type":"page","link":"https:\/\/ateliernk.ch\/fr\/realisations\/","title":{"rendered":"R\u00e9alisations"},"content":{"rendered":"\t\t<div data-elementor-type=\"wp-page\" data-elementor-id=\"521\" class=\"elementor elementor-521\">\n\t\t\t\t\t\t\t\t\t<section class=\"elementor-section elementor-top-section elementor-element elementor-element-ca99719 elementor-section-boxed elementor-section-height-default elementor-section-height-default\" data-id=\"ca99719\" data-element_type=\"section\" id=\"decouvrir\">\n\t\t\t\t\t\t<div class=\"elementor-container elementor-column-gap-default\">\n\t\t\t\t\t<div class=\"elementor-column elementor-col-100 elementor-top-column elementor-element elementor-element-64f2299\" data-id=\"64f2299\" data-element_type=\"column\">\n\t\t\t<div class=\"elementor-widget-wrap elementor-element-populated\">\n\t\t\t\t\t\t\t\t<div class=\"elementor-element elementor-element-9dbc27f subtitle-position-above elementor-align-center elementor-widget__width-initial elementor-invisible elementor-widget elementor-widget-aro-heading\" data-id=\"9dbc27f\" data-element_type=\"widget\" data-settings=\"{&quot;_animation&quot;:&quot;fadeIn&quot;}\" data-widget_type=\"aro-heading.default\">\n\t\t\t\t<div class=\"elementor-widget-container\">\n\t\t\t<div class=\"elementor-heading-wrapper-inner\"><h1 class=\"elementor-heading-title elementor-size-default\">R\u00e9alisations<\/h1><div class=\"elementor-sub-title\">technologie - savoir-faire - artisanat<\/div><\/div>\t\t<\/div>\n\t\t\t\t<\/div>\n\t\t\t\t<div class=\"elementor-element elementor-element-db78158 elementor-invisible elementor-widget elementor-widget-text-editor\" data-id=\"db78158\" data-element_type=\"widget\" data-settings=\"{&quot;_animation&quot;:&quot;fadeInUp&quot;}\" data-widget_type=\"text-editor.default\">\n\t\t\t\t<div class=\"elementor-widget-container\">\n\t\t\t<style>\/*! elementor - v3.14.0 - 18-06-2023 *\/\n.elementor-widget-text-editor.elementor-drop-cap-view-stacked .elementor-drop-cap{background-color:#69727d;color:#fff}.elementor-widget-text-editor.elementor-drop-cap-view-framed .elementor-drop-cap{color:#69727d;border:3px solid;background-color:transparent}.elementor-widget-text-editor:not(.elementor-drop-cap-view-default) .elementor-drop-cap{margin-top:8px}.elementor-widget-text-editor:not(.elementor-drop-cap-view-default) .elementor-drop-cap-letter{width:1em;height:1em}.elementor-widget-text-editor .elementor-drop-cap{float:left;text-align:center;line-height:1;font-size:50px}.elementor-widget-text-editor .elementor-drop-cap-letter{display:inline-block}<\/style>\t\t\t\t<p>Chacune de nos r\u00e9alisations est un produit unique qui allie technologie, savoir-faire et artisanat. Notre \u00e9quipe vous accompagne tout au long du projet depuis votre d\u00e9sir, en passant par la <strong>conception<\/strong>, jusqu\u2019\u00e0 la <strong>r\u00e9alisation finale<\/strong> du produit.<\/p>\t\t\t\t\t\t<\/div>\n\t\t\t\t<\/div>\n\t\t\t\t\t<\/div>\n\t\t<\/div>\n\t\t\t\t\t\t\t<\/div>\n\t\t<\/section>\n\t\t\t\t<section class=\"elementor-section elementor-top-section elementor-element elementor-element-cfaa8f8 elementor-section-content-middle elementor-section-boxed elementor-section-height-default elementor-section-height-default\" data-id=\"cfaa8f8\" data-element_type=\"section\">\n\t\t\t\t\t\t<div class=\"elementor-container elementor-column-gap-default\">\n\t\t\t\t\t<div class=\"elementor-column elementor-col-50 elementor-top-column elementor-element elementor-element-4916386\" data-id=\"4916386\" data-element_type=\"column\">\n\t\t\t<div class=\"elementor-widget-wrap elementor-element-populated\">\n\t\t\t\t\t\t\t\t<div class=\"elementor-element elementor-element-c6f3021 elementor-widget elementor-widget-image\" data-id=\"c6f3021\" data-element_type=\"widget\" data-widget_type=\"image.default\">\n\t\t\t\t<div class=\"elementor-widget-container\">\n\t\t\t<style>\/*! elementor - v3.14.0 - 18-06-2023 *\/\n.elementor-widget-image{text-align:center}.elementor-widget-image a{display:inline-block}.elementor-widget-image a img[src$=\".svg\"]{width:48px}.elementor-widget-image img{vertical-align:middle;display:inline-block}<\/style>\t\t\t\t\t\t\t\t\t\t\t\t<img loading=\"lazy\" decoding=\"async\" width=\"980\" height=\"741\" src=\"https:\/\/ateliernk.ch\/fr\/wp-content\/uploads\/2023\/06\/plan1-1024x774.jpg\" class=\"attachment-large size-large wp-image-619\" alt=\"\" srcset=\"https:\/\/ateliernk.ch\/fr\/wp-content\/uploads\/2023\/06\/plan1-1024x774.jpg 1024w, https:\/\/ateliernk.ch\/fr\/wp-content\/uploads\/2023\/06\/plan1-300x227.jpg 300w, https:\/\/ateliernk.ch\/fr\/wp-content\/uploads\/2023\/06\/plan1-768x581.jpg 768w, https:\/\/ateliernk.ch\/fr\/wp-content\/uploads\/2023\/06\/plan1-1536x1161.jpg 1536w, https:\/\/ateliernk.ch\/fr\/wp-content\/uploads\/2023\/06\/plan1-800x605.jpg 800w, https:\/\/ateliernk.ch\/fr\/wp-content\/uploads\/2023\/06\/plan1.jpg 1950w\" sizes=\"auto, (max-width: 980px) 100vw, 980px\" \/>\t\t\t\t\t\t\t\t\t\t\t\t\t\t\t<\/div>\n\t\t\t\t<\/div>\n\t\t\t\t\t<\/div>\n\t\t<\/div>\n\t\t\t\t<div class=\"elementor-column elementor-col-50 elementor-top-column elementor-element elementor-element-d7da51f\" data-id=\"d7da51f\" data-element_type=\"column\">\n\t\t\t<div class=\"elementor-widget-wrap elementor-element-populated\">\n\t\t\t\t\t\t\t\t<div class=\"elementor-element elementor-element-777250a elementor-widget elementor-widget-text-editor\" data-id=\"777250a\" data-element_type=\"widget\" data-widget_type=\"text-editor.default\">\n\t\t\t\t<div class=\"elementor-widget-container\">\n\t\t\t\t\t\t\t<h3>Pour ce faire, les \u00e9tapes suivantes sont souvent n\u00e9cessaires\u00a0:<\/h3><ol><li>Un\/e designer ou un\/e graphiste fait une proposition de projet<\/li><li>Le croquis se concr\u00e9tise en un objet en 3D<\/li><li>Si l\u2019\u00e9bauche est accept\u00e9e, un plan de r\u00e9alisation avec toutes les cotes, mesures et informations est \u00e9tabli<\/li><li>Ensuite, le travail est r\u00e9parti entre tous les corps de m\u00e9tier n\u00e9cessaires<\/li><li>Un prototype est r\u00e9alis\u00e9 pour validation<\/li><li>Apr\u00e8s approbation, la r\u00e9alisation finale de l\u2019objet peut avoir lieu<\/li><\/ol>\t\t\t\t\t\t<\/div>\n\t\t\t\t<\/div>\n\t\t\t\t\t<\/div>\n\t\t<\/div>\n\t\t\t\t\t\t\t<\/div>\n\t\t<\/section>\n\t\t\t\t<section class=\"elementor-section elementor-top-section elementor-element elementor-element-04cce40 elementor-section-stretched elementor-section-boxed elementor-section-height-default elementor-section-height-default\" data-id=\"04cce40\" data-element_type=\"section\" data-settings=\"{&quot;stretch_section&quot;:&quot;section-stretched&quot;}\">\n\t\t\t\t\t\t<div class=\"elementor-container elementor-column-gap-default\">\n\t\t\t\t\t<div class=\"elementor-column elementor-col-100 elementor-top-column elementor-element elementor-element-77fd1b5\" data-id=\"77fd1b5\" data-element_type=\"column\">\n\t\t\t<div class=\"elementor-widget-wrap elementor-element-populated\">\n\t\t\t\t\t\t\t\t<div class=\"elementor-element elementor-element-b3b4f62 elementor-widget elementor-widget-text-editor\" data-id=\"b3b4f62\" data-element_type=\"widget\" data-widget_type=\"text-editor.default\">\n\t\t\t\t<div class=\"elementor-widget-container\">\n\t\t\t\t\t\t\t<h4 style=\"text-align: center;\">En tant que sp\u00e9cialiste dans la d\u00e9coration, l\u2019am\u00e9nagement de boutiques, de displays et de vitrines, voici quelques-unes de nos r\u00e9alisations.<\/h4><h4>\u00a0<\/h4>\t\t\t\t\t\t<\/div>\n\t\t\t\t<\/div>\n\t\t\t\t<div class=\"elementor-element elementor-element-e7b779b arrow-style-1 elementor-widget elementor-widget-aro-image-gallery\" data-id=\"e7b779b\" data-element_type=\"widget\" data-widget_type=\"aro-image-gallery.default\">\n\t\t\t\t<div class=\"elementor-widget-container\">\n\t\t\t\n        <div class=\"elementor-opal-image-gallery\">\n\n            <div class=\"row grid\" data-elementor-columns=\"4\" data-elementor-columns-tablet=\"2\" data-elementor-columns-mobile=\"1\">\n                                    <div class=\"column-item grid__item masonry-item__all gallery_group_0\">\n                        <a data-elementor-open-lightbox=\"yes\" data-elementor-lightbox-slideshow=\"e7b779b\"                           href=\"https:\/\/ateliernk.ch\/fr\/wp-content\/uploads\/2023\/06\/AtelierNK_03-Plexiglas-Usinage-1.jpg\">\n                            <img decoding=\"async\" src=\"https:\/\/ateliernk.ch\/fr\/wp-content\/uploads\/2023\/06\/AtelierNK_03-Plexiglas-Usinage-1-768x1024.jpg\"\n                                 alt=\"AtelierNK_03 - Plexiglas - Usinage\"\/>\n                        <\/a>\n                    <\/div>\n                                    <div class=\"column-item grid__item masonry-item__all gallery_group_0\">\n                        <a data-elementor-open-lightbox=\"yes\" data-elementor-lightbox-slideshow=\"e7b779b\"                           href=\"https:\/\/ateliernk.ch\/fr\/wp-content\/uploads\/2023\/06\/AtelierNK_10-Plexyglas-pieces-metales-Dessins-techniques.jpg\">\n                            <img decoding=\"async\" src=\"https:\/\/ateliernk.ch\/fr\/wp-content\/uploads\/2023\/06\/AtelierNK_10-Plexyglas-pieces-metales-Dessins-techniques-684x1024.jpg\"\n                                 alt=\"AtelierNK_10 - Plexyglas - pie\u0300ces me\u0301tales + Dessins techniques\"\/>\n                        <\/a>\n                    <\/div>\n                                    <div class=\"column-item grid__item masonry-item__all gallery_group_0\">\n                        <a data-elementor-open-lightbox=\"yes\" data-elementor-lightbox-slideshow=\"e7b779b\"                           href=\"https:\/\/ateliernk.ch\/fr\/wp-content\/uploads\/2023\/06\/AtelierNK_09-Coulage-de-resines.jpg\">\n                            <img decoding=\"async\" src=\"https:\/\/ateliernk.ch\/fr\/wp-content\/uploads\/2023\/06\/AtelierNK_09-Coulage-de-resines-768x1024.jpg\"\n                                 alt=\"AtelierNK_09 - Coulage de re\u0301sines\"\/>\n                        <\/a>\n                    <\/div>\n                                    <div class=\"column-item grid__item masonry-item__all gallery_group_0\">\n                        <a data-elementor-open-lightbox=\"yes\" data-elementor-lightbox-slideshow=\"e7b779b\"                           href=\"https:\/\/ateliernk.ch\/fr\/wp-content\/uploads\/2023\/06\/AtelierNK_08-Finitions.jpg\">\n                            <img decoding=\"async\" src=\"https:\/\/ateliernk.ch\/fr\/wp-content\/uploads\/2023\/06\/AtelierNK_08-Finitions-768x1024.jpg\"\n                                 alt=\"AtelierNK_08 - Finitions\"\/>\n                        <\/a>\n                    <\/div>\n                                    <div class=\"column-item grid__item masonry-item__all gallery_group_0\">\n                        <a data-elementor-open-lightbox=\"yes\" data-elementor-lightbox-slideshow=\"e7b779b\"                           href=\"https:\/\/ateliernk.ch\/fr\/wp-content\/uploads\/2023\/06\/AtelierNK_07-Usinage-et-finitions.jpg\">\n                            <img decoding=\"async\" src=\"https:\/\/ateliernk.ch\/fr\/wp-content\/uploads\/2023\/06\/AtelierNK_07-Usinage-et-finitions-768x1024.jpg\"\n                                 alt=\"AtelierNK_07 - Usinage et finitions\"\/>\n                        <\/a>\n                    <\/div>\n                                    <div class=\"column-item grid__item masonry-item__all gallery_group_0\">\n                        <a data-elementor-open-lightbox=\"yes\" data-elementor-lightbox-slideshow=\"e7b779b\"                           href=\"https:\/\/ateliernk.ch\/fr\/wp-content\/uploads\/2023\/06\/AtelierNK_06-Usinage-et-gravure.jpg\">\n                            <img decoding=\"async\" src=\"https:\/\/ateliernk.ch\/fr\/wp-content\/uploads\/2023\/06\/AtelierNK_06-Usinage-et-gravure-768x1024.jpg\"\n                                 alt=\"AtelierNK_06 - Usinage et gravure\"\/>\n                        <\/a>\n                    <\/div>\n                                    <div class=\"column-item grid__item masonry-item__all gallery_group_0\">\n                        <a data-elementor-open-lightbox=\"yes\" data-elementor-lightbox-slideshow=\"e7b779b\"                           href=\"https:\/\/ateliernk.ch\/fr\/wp-content\/uploads\/2023\/06\/AtelierNK_05.jpg\">\n                            <img decoding=\"async\" src=\"https:\/\/ateliernk.ch\/fr\/wp-content\/uploads\/2023\/06\/AtelierNK_05-768x1024.jpg\"\n                                 alt=\"AtelierNK_05\"\/>\n                        <\/a>\n                    <\/div>\n                                    <div class=\"column-item grid__item masonry-item__all gallery_group_0\">\n                        <a data-elementor-open-lightbox=\"yes\" data-elementor-lightbox-slideshow=\"e7b779b\"                           href=\"https:\/\/ateliernk.ch\/fr\/wp-content\/uploads\/2023\/06\/AtelierNK_04-Pleixglas-profil-aluminium.jpg\">\n                            <img decoding=\"async\" src=\"https:\/\/ateliernk.ch\/fr\/wp-content\/uploads\/2023\/06\/AtelierNK_04-Pleixglas-profil-aluminium-768x1024.jpg\"\n                                 alt=\"AtelierNK_04 - Pleixglas - profil aluminium\"\/>\n                        <\/a>\n                    <\/div>\n                                    <div class=\"column-item grid__item masonry-item__all gallery_group_0\">\n                        <a data-elementor-open-lightbox=\"yes\" data-elementor-lightbox-slideshow=\"e7b779b\"                           href=\"https:\/\/ateliernk.ch\/fr\/wp-content\/uploads\/2023\/06\/AtelierNK_03-Plexiglas-Usinage.jpg\">\n                            <img decoding=\"async\" src=\"https:\/\/ateliernk.ch\/fr\/wp-content\/uploads\/2023\/06\/AtelierNK_03-Plexiglas-Usinage-768x1024.jpg\"\n                                 alt=\"AtelierNK_03 - Plexiglas - Usinage\"\/>\n                        <\/a>\n                    <\/div>\n                                    <div class=\"column-item grid__item masonry-item__all gallery_group_0\">\n                        <a data-elementor-open-lightbox=\"yes\" data-elementor-lightbox-slideshow=\"e7b779b\"                           href=\"https:\/\/ateliernk.ch\/fr\/wp-content\/uploads\/2023\/06\/AtelierNK_02-Usinage-Finition.jpg\">\n                            <img decoding=\"async\" src=\"https:\/\/ateliernk.ch\/fr\/wp-content\/uploads\/2023\/06\/AtelierNK_02-Usinage-Finition-768x1024.jpg\"\n                                 alt=\"AtelierNK_02 - Usinage - Finition\"\/>\n                        <\/a>\n                    <\/div>\n                                    <div class=\"column-item grid__item masonry-item__all gallery_group_0\">\n                        <a data-elementor-open-lightbox=\"yes\" data-elementor-lightbox-slideshow=\"e7b779b\"                           href=\"https:\/\/ateliernk.ch\/fr\/wp-content\/uploads\/2023\/06\/AtelierNK_01-Fabrication-Finition.jpg\">\n                            <img decoding=\"async\" src=\"https:\/\/ateliernk.ch\/fr\/wp-content\/uploads\/2023\/06\/AtelierNK_01-Fabrication-Finition-768x1024.jpg\"\n                                 alt=\"AtelierNK_01 - Fabrication - Finition\"\/>\n                        <\/a>\n                    <\/div>\n                            <\/div>\n\n                    <\/div>\n        \t\t<\/div>\n\t\t\t\t<\/div>\n\t\t\t\t<div class=\"elementor-element elementor-element-80c5920 elementor-mobile-align-center elementor-align-center elementor-button-default elementor-invisible elementor-widget elementor-widget-button\" data-id=\"80c5920\" data-element_type=\"widget\" data-settings=\"{&quot;_animation&quot;:&quot;fadeInUp&quot;,&quot;_animation_delay&quot;:500}\" data-widget_type=\"button.default\">\n\t\t\t\t<div class=\"elementor-widget-container\">\n\t\t\t\t\t<div class=\"elementor-button-wrapper\">\n\t\t\t<a class=\"elementor-button elementor-button-link elementor-size-sm\" href=\"#\">\n\t\t\t\t\t\t<span class=\"elementor-button-content-wrapper\">\n\t\t\t\t\t\t<span class=\"elementor-button-text\">Contactez-nous pour un devis<\/span>\n\t\t<\/span>\n\t\t\t\t\t<\/a>\n\t\t<\/div>\n\t\t\t\t<\/div>\n\t\t\t\t<\/div>\n\t\t\t\t\t<\/div>\n\t\t<\/div>\n\t\t\t\t\t\t\t<\/div>\n\t\t<\/section>\n\t\t\t\t<section class=\"elementor-section elementor-top-section elementor-element elementor-element-5206de3 elementor-section-full_width elementor-section-stretched elementor-section-height-default elementor-section-height-default\" data-id=\"5206de3\" data-element_type=\"section\" data-settings=\"{&quot;stretch_section&quot;:&quot;section-stretched&quot;,&quot;background_background&quot;:&quot;classic&quot;}\">\n\t\t\t\t\t\t<div class=\"elementor-container elementor-column-gap-default\">\n\t\t\t\t\t<div class=\"elementor-column elementor-col-100 elementor-top-column elementor-element elementor-element-00cb248\" data-id=\"00cb248\" data-element_type=\"column\">\n\t\t\t<div class=\"elementor-widget-wrap\">\n\t\t\t\t\t\t\t\t\t<\/div>\n\t\t<\/div>\n\t\t\t\t\t\t\t<\/div>\n\t\t<\/section>\n\t\t\t\t\t\t\t<\/div>\n\t\t","protected":false},"excerpt":{"rendered":"<p>R\u00e9alisations technologie &#8211; savoir-faire &#8211; artisanat Chacune de nos r\u00e9alisations est un produit unique qui allie technologie, savoir-faire et artisanat. Notre \u00e9quipe vous accompagne tout au long du projet depuis votre d\u00e9sir, en passant par la conception, jusqu\u2019\u00e0 la r\u00e9alisation finale du produit. Pour ce faire, les \u00e9tapes suivantes sont souvent n\u00e9cessaires\u00a0: Un\/e designer ou [&hellip;]<\/p>\n","protected":false},"author":1,"featured_media":0,"parent":0,"menu_order":0,"comment_status":"closed","ping_status":"closed","template":"template-homepage.php","meta":{"inline_featured_image":false,"footnotes":""},"class_list":["post-521","page","type-page","status-publish","hentry"],"_links":{"self":[{"href":"https:\/\/ateliernk.ch\/fr\/wp-json\/wp\/v2\/pages\/521","targetHints":{"allow":["GET"]}}],"collection":[{"href":"https:\/\/ateliernk.ch\/fr\/wp-json\/wp\/v2\/pages"}],"about":[{"href":"https:\/\/ateliernk.ch\/fr\/wp-json\/wp\/v2\/types\/page"}],"author":[{"embeddable":true,"href":"https:\/\/ateliernk.ch\/fr\/wp-json\/wp\/v2\/users\/1"}],"replies":[{"embeddable":true,"href":"https:\/\/ateliernk.ch\/fr\/wp-json\/wp\/v2\/comments?post=521"}],"version-history":[{"count":31,"href":"https:\/\/ateliernk.ch\/fr\/wp-json\/wp\/v2\/pages\/521\/revisions"}],"predecessor-version":[{"id":684,"href":"https:\/\/ateliernk.ch\/fr\/wp-json\/wp\/v2\/pages\/521\/revisions\/684"}],"wp:attachment":[{"href":"https:\/\/ateliernk.ch\/fr\/wp-json\/wp\/v2\/media?parent=521"}],"curies":[{"name":"wp","href":"https:\/\/api.w.org\/{rel}","templated":true}]}}