{"id":506,"date":"2023-06-19T11:27:12","date_gmt":"2023-06-19T09:27:12","guid":{"rendered":"https:\/\/ateliernk.ch\/fr\/?page_id=506"},"modified":"2023-06-30T21:03:10","modified_gmt":"2023-06-30T19:03:10","slug":"prestations","status":"publish","type":"page","link":"https:\/\/ateliernk.ch\/fr\/prestations\/","title":{"rendered":"Prestations"},"content":{"rendered":"\t\t<div data-elementor-type=\"wp-page\" data-elementor-id=\"506\" class=\"elementor elementor-506\">\n\t\t\t\t\t\t\t\t\t<section class=\"elementor-section elementor-top-section elementor-element elementor-element-ca99719 elementor-section-boxed elementor-section-height-default elementor-section-height-default\" data-id=\"ca99719\" data-element_type=\"section\" id=\"decouvrir\">\n\t\t\t\t\t\t<div class=\"elementor-container elementor-column-gap-default\">\n\t\t\t\t\t<div class=\"elementor-column elementor-col-100 elementor-top-column elementor-element elementor-element-64f2299\" data-id=\"64f2299\" data-element_type=\"column\">\n\t\t\t<div class=\"elementor-widget-wrap elementor-element-populated\">\n\t\t\t\t\t\t\t\t<div class=\"elementor-element elementor-element-9dbc27f subtitle-position-above elementor-align-center elementor-widget__width-initial elementor-invisible elementor-widget elementor-widget-aro-heading\" data-id=\"9dbc27f\" data-element_type=\"widget\" data-settings=\"{&quot;_animation&quot;:&quot;fadeIn&quot;}\" data-widget_type=\"aro-heading.default\">\n\t\t\t\t<div class=\"elementor-widget-container\">\n\t\t\t<div class=\"elementor-heading-wrapper-inner\"><h1 class=\"elementor-heading-title elementor-size-default\">Prestations<\/h1><div class=\"elementor-sub-title\">savoir-faire - finesse - pr\u00e9cision<\/div><\/div>\t\t<\/div>\n\t\t\t\t<\/div>\n\t\t\t\t<div class=\"elementor-element elementor-element-db78158 elementor-invisible elementor-widget elementor-widget-text-editor\" data-id=\"db78158\" data-element_type=\"widget\" data-settings=\"{&quot;_animation&quot;:&quot;fadeInUp&quot;}\" data-widget_type=\"text-editor.default\">\n\t\t\t\t<div class=\"elementor-widget-container\">\n\t\t\t<style>\/*! elementor - v3.14.0 - 18-06-2023 *\/\n.elementor-widget-text-editor.elementor-drop-cap-view-stacked .elementor-drop-cap{background-color:#69727d;color:#fff}.elementor-widget-text-editor.elementor-drop-cap-view-framed .elementor-drop-cap{color:#69727d;border:3px solid;background-color:transparent}.elementor-widget-text-editor:not(.elementor-drop-cap-view-default) .elementor-drop-cap{margin-top:8px}.elementor-widget-text-editor:not(.elementor-drop-cap-view-default) .elementor-drop-cap-letter{width:1em;height:1em}.elementor-widget-text-editor .elementor-drop-cap{float:left;text-align:center;line-height:1;font-size:50px}.elementor-widget-text-editor .elementor-drop-cap-letter{display:inline-block}<\/style>\t\t\t\t<p>Sp\u00e9cialis\u00e9s dans la d\u00e9coration et la r\u00e9alisation d\u2019\u00e9l\u00e9ments exclusifs, <strong>notre savoir-faire<\/strong> nous permet de vous proposer une multitude de r\u00e9alisations autant dans la forme que dans le choix de mat\u00e9riaux.<\/p>\t\t\t\t\t\t<\/div>\n\t\t\t\t<\/div>\n\t\t\t\t\t<\/div>\n\t\t<\/div>\n\t\t\t\t\t\t\t<\/div>\n\t\t<\/section>\n\t\t\t\t<section class=\"elementor-section elementor-top-section elementor-element elementor-element-cfaa8f8 elementor-section-content-middle elementor-section-boxed elementor-section-height-default elementor-section-height-default\" data-id=\"cfaa8f8\" data-element_type=\"section\">\n\t\t\t\t\t\t<div class=\"elementor-container elementor-column-gap-default\">\n\t\t\t\t\t<div class=\"elementor-column elementor-col-50 elementor-top-column elementor-element elementor-element-4916386\" data-id=\"4916386\" data-element_type=\"column\">\n\t\t\t<div class=\"elementor-widget-wrap elementor-element-populated\">\n\t\t\t\t\t\t\t\t<div class=\"elementor-element elementor-element-c6f3021 elementor-invisible elementor-widget elementor-widget-image\" data-id=\"c6f3021\" data-element_type=\"widget\" data-settings=\"{&quot;_animation&quot;:&quot;fadeInLeft&quot;}\" data-widget_type=\"image.default\">\n\t\t\t\t<div class=\"elementor-widget-container\">\n\t\t\t<style>\/*! elementor - v3.14.0 - 18-06-2023 *\/\n.elementor-widget-image{text-align:center}.elementor-widget-image a{display:inline-block}.elementor-widget-image a img[src$=\".svg\"]{width:48px}.elementor-widget-image img{vertical-align:middle;display:inline-block}<\/style>\t\t\t\t\t\t\t\t\t\t\t\t<img loading=\"lazy\" decoding=\"async\" width=\"768\" height=\"1024\" src=\"https:\/\/ateliernk.ch\/fr\/wp-content\/uploads\/2023\/06\/AtelierNK_03-Plexiglas-Usinage-768x1024.jpg\" class=\"attachment-large size-large wp-image-339\" alt=\"\" srcset=\"https:\/\/ateliernk.ch\/fr\/wp-content\/uploads\/2023\/06\/AtelierNK_03-Plexiglas-Usinage-768x1024.jpg 768w, https:\/\/ateliernk.ch\/fr\/wp-content\/uploads\/2023\/06\/AtelierNK_03-Plexiglas-Usinage-800x1067.jpg 800w, https:\/\/ateliernk.ch\/fr\/wp-content\/uploads\/2023\/06\/AtelierNK_03-Plexiglas-Usinage-225x300.jpg 225w, https:\/\/ateliernk.ch\/fr\/wp-content\/uploads\/2023\/06\/AtelierNK_03-Plexiglas-Usinage-1152x1536.jpg 1152w, https:\/\/ateliernk.ch\/fr\/wp-content\/uploads\/2023\/06\/AtelierNK_03-Plexiglas-Usinage.jpg 1500w\" sizes=\"auto, (max-width: 768px) 100vw, 768px\" \/>\t\t\t\t\t\t\t\t\t\t\t\t\t\t\t<\/div>\n\t\t\t\t<\/div>\n\t\t\t\t\t<\/div>\n\t\t<\/div>\n\t\t\t\t<div class=\"elementor-column elementor-col-50 elementor-top-column elementor-element elementor-element-d7da51f\" data-id=\"d7da51f\" data-element_type=\"column\">\n\t\t\t<div class=\"elementor-widget-wrap elementor-element-populated\">\n\t\t\t\t\t\t\t\t<div class=\"elementor-element elementor-element-777250a elementor-invisible elementor-widget elementor-widget-text-editor\" data-id=\"777250a\" data-element_type=\"widget\" data-settings=\"{&quot;_animation&quot;:&quot;fadeIn&quot;}\" data-widget_type=\"text-editor.default\">\n\t\t\t\t<div class=\"elementor-widget-container\">\n\t\t\t\t\t\t\t<h2>Usinage de pi\u00e8ces<\/h2><p>Nous r\u00e9alisons toutes vos pi\u00e8ces sur-mesure, ind\u00e9pendamment du type de mati\u00e8re d\u00e9sir\u00e9, de la taille des pi\u00e8ces ou encore du nombre souhait\u00e9. Notre \u00e9quipe polyvalente, sp\u00e9cialis\u00e9e et enthousiaste r\u00e9pond \u00e0 vos envies et con\u00e7oit des pi\u00e8ces uniques et originales.<\/p>\t\t\t\t\t\t<\/div>\n\t\t\t\t<\/div>\n\t\t\t\t\t<\/div>\n\t\t<\/div>\n\t\t\t\t\t\t\t<\/div>\n\t\t<\/section>\n\t\t\t\t<section class=\"elementor-section elementor-top-section elementor-element elementor-element-42f72b5 elementor-section-content-middle elementor-section-boxed elementor-section-height-default elementor-section-height-default\" data-id=\"42f72b5\" data-element_type=\"section\">\n\t\t\t\t\t\t<div class=\"elementor-container elementor-column-gap-default\">\n\t\t\t\t\t<div class=\"elementor-column elementor-col-50 elementor-top-column elementor-element elementor-element-45b67a2\" data-id=\"45b67a2\" data-element_type=\"column\">\n\t\t\t<div class=\"elementor-widget-wrap elementor-element-populated\">\n\t\t\t\t\t\t\t\t<div class=\"elementor-element elementor-element-dfac4ce elementor-invisible elementor-widget elementor-widget-text-editor\" data-id=\"dfac4ce\" data-element_type=\"widget\" data-settings=\"{&quot;_animation&quot;:&quot;fadeIn&quot;}\" data-widget_type=\"text-editor.default\">\n\t\t\t\t<div class=\"elementor-widget-container\">\n\t\t\t\t\t\t\t<h2>Gravure<\/h2><p>Nous mettons tout notre savoir-faire \u00e0 votre service pour vos projets de gravure. Nos techniciens en gravure sont \u00e0 votre \u00e9coute pour vous offrir des prestations de qualit\u00e9 qui r\u00e9pondent \u00e0 vos demandes.<\/p><p>Nous r\u00e9alisons les gravures sur tout type de mat\u00e9riel : plastique, plexiglas, r\u00e9sines, acryliques, aluminium, m\u00e9tal, inox et bien d\u2019autres encore.\u00a0<\/p>\t\t\t\t\t\t<\/div>\n\t\t\t\t<\/div>\n\t\t\t\t\t<\/div>\n\t\t<\/div>\n\t\t\t\t<div class=\"elementor-column elementor-col-50 elementor-top-column elementor-element elementor-element-ba8fbe4\" data-id=\"ba8fbe4\" data-element_type=\"column\">\n\t\t\t<div class=\"elementor-widget-wrap elementor-element-populated\">\n\t\t\t\t\t\t\t\t<div class=\"elementor-element elementor-element-ef227e2 elementor-invisible elementor-widget elementor-widget-image\" data-id=\"ef227e2\" data-element_type=\"widget\" data-settings=\"{&quot;_animation&quot;:&quot;fadeInRight&quot;}\" data-widget_type=\"image.default\">\n\t\t\t\t<div class=\"elementor-widget-container\">\n\t\t\t\t\t\t\t\t\t\t\t\t\t\t\t<img loading=\"lazy\" decoding=\"async\" width=\"768\" height=\"1024\" src=\"https:\/\/ateliernk.ch\/fr\/wp-content\/uploads\/2023\/06\/AtelierNK_06-Usinage-et-gravure-768x1024.jpg\" class=\"attachment-large size-large wp-image-342\" alt=\"\" srcset=\"https:\/\/ateliernk.ch\/fr\/wp-content\/uploads\/2023\/06\/AtelierNK_06-Usinage-et-gravure-768x1024.jpg 768w, https:\/\/ateliernk.ch\/fr\/wp-content\/uploads\/2023\/06\/AtelierNK_06-Usinage-et-gravure-800x1067.jpg 800w, https:\/\/ateliernk.ch\/fr\/wp-content\/uploads\/2023\/06\/AtelierNK_06-Usinage-et-gravure-225x300.jpg 225w, https:\/\/ateliernk.ch\/fr\/wp-content\/uploads\/2023\/06\/AtelierNK_06-Usinage-et-gravure-1152x1536.jpg 1152w, https:\/\/ateliernk.ch\/fr\/wp-content\/uploads\/2023\/06\/AtelierNK_06-Usinage-et-gravure.jpg 1500w\" sizes=\"auto, (max-width: 768px) 100vw, 768px\" \/>\t\t\t\t\t\t\t\t\t\t\t\t\t\t\t<\/div>\n\t\t\t\t<\/div>\n\t\t\t\t\t<\/div>\n\t\t<\/div>\n\t\t\t\t\t\t\t<\/div>\n\t\t<\/section>\n\t\t\t\t<section class=\"elementor-section elementor-top-section elementor-element elementor-element-ea13a4d elementor-section-content-middle elementor-section-boxed elementor-section-height-default elementor-section-height-default\" data-id=\"ea13a4d\" data-element_type=\"section\">\n\t\t\t\t\t\t<div class=\"elementor-container elementor-column-gap-default\">\n\t\t\t\t\t<div class=\"elementor-column elementor-col-50 elementor-top-column elementor-element elementor-element-67c0078\" data-id=\"67c0078\" data-element_type=\"column\">\n\t\t\t<div class=\"elementor-widget-wrap elementor-element-populated\">\n\t\t\t\t\t\t\t\t<div class=\"elementor-element elementor-element-a8ab024 elementor-invisible elementor-widget elementor-widget-image\" data-id=\"a8ab024\" data-element_type=\"widget\" data-settings=\"{&quot;_animation&quot;:&quot;fadeInLeft&quot;}\" data-widget_type=\"image.default\">\n\t\t\t\t<div class=\"elementor-widget-container\">\n\t\t\t\t\t\t\t\t\t\t\t\t\t\t\t<img loading=\"lazy\" decoding=\"async\" width=\"768\" height=\"1024\" src=\"https:\/\/ateliernk.ch\/fr\/wp-content\/uploads\/2023\/06\/AtelierNK_04-Pleixglas-profil-aluminium-768x1024.jpg\" class=\"attachment-large size-large wp-image-340\" alt=\"\" srcset=\"https:\/\/ateliernk.ch\/fr\/wp-content\/uploads\/2023\/06\/AtelierNK_04-Pleixglas-profil-aluminium-768x1024.jpg 768w, https:\/\/ateliernk.ch\/fr\/wp-content\/uploads\/2023\/06\/AtelierNK_04-Pleixglas-profil-aluminium-800x1067.jpg 800w, https:\/\/ateliernk.ch\/fr\/wp-content\/uploads\/2023\/06\/AtelierNK_04-Pleixglas-profil-aluminium-225x300.jpg 225w, https:\/\/ateliernk.ch\/fr\/wp-content\/uploads\/2023\/06\/AtelierNK_04-Pleixglas-profil-aluminium-1152x1536.jpg 1152w, https:\/\/ateliernk.ch\/fr\/wp-content\/uploads\/2023\/06\/AtelierNK_04-Pleixglas-profil-aluminium.jpg 1500w\" sizes=\"auto, (max-width: 768px) 100vw, 768px\" \/>\t\t\t\t\t\t\t\t\t\t\t\t\t\t\t<\/div>\n\t\t\t\t<\/div>\n\t\t\t\t\t<\/div>\n\t\t<\/div>\n\t\t\t\t<div class=\"elementor-column elementor-col-50 elementor-top-column elementor-element elementor-element-9a28caa\" data-id=\"9a28caa\" data-element_type=\"column\">\n\t\t\t<div class=\"elementor-widget-wrap elementor-element-populated\">\n\t\t\t\t\t\t\t\t<div class=\"elementor-element elementor-element-35fa260 elementor-invisible elementor-widget elementor-widget-text-editor\" data-id=\"35fa260\" data-element_type=\"widget\" data-settings=\"{&quot;_animation&quot;:&quot;fadeIn&quot;}\" data-widget_type=\"text-editor.default\">\n\t\t\t\t<div class=\"elementor-widget-container\">\n\t\t\t\t\t\t\t<h2>Serrurerie fine<\/h2><p>Nous intervenons sur vos pi\u00e8ces juste apr\u00e8s le menuisier afin de finaliser la fabrication de votre mobilier.<\/p><p>Nous cr\u00e9ons, travaillons et ajustons pour vous, les pi\u00e8ces en m\u00e9tal, les portes, les verres jusqu\u2019au montage final de votre meuble.<\/p>\t\t\t\t\t\t<\/div>\n\t\t\t\t<\/div>\n\t\t\t\t\t<\/div>\n\t\t<\/div>\n\t\t\t\t\t\t\t<\/div>\n\t\t<\/section>\n\t\t\t\t<section class=\"elementor-section elementor-top-section elementor-element elementor-element-0398fa8 elementor-section-content-middle elementor-section-boxed elementor-section-height-default elementor-section-height-default\" data-id=\"0398fa8\" data-element_type=\"section\">\n\t\t\t\t\t\t<div class=\"elementor-container elementor-column-gap-default\">\n\t\t\t\t\t<div class=\"elementor-column elementor-col-50 elementor-top-column elementor-element elementor-element-4a1f698\" data-id=\"4a1f698\" data-element_type=\"column\">\n\t\t\t<div class=\"elementor-widget-wrap elementor-element-populated\">\n\t\t\t\t\t\t\t\t<div class=\"elementor-element elementor-element-e48d137 elementor-invisible elementor-widget elementor-widget-text-editor\" data-id=\"e48d137\" data-element_type=\"widget\" data-settings=\"{&quot;_animation&quot;:&quot;fadeIn&quot;}\" data-widget_type=\"text-editor.default\">\n\t\t\t\t<div class=\"elementor-widget-container\">\n\t\t\t\t\t\t\t<h2>Finitions vari\u00e9es<\/h2><p>Quelles que soient vos envies, tous nos mat\u00e9riaux peuvent recevoir une finition sp\u00e9cifique : brillante, mate, satin\u00e9e, patin\u00e9e ou encore m\u00e9tallis\u00e9e.\u00a0<\/p><p>Notre service de polissage vous garantit un r\u00e9sultat avec une finition \u00e9tincelante et un aspect brillant ou mat.<\/p>\t\t\t\t\t\t<\/div>\n\t\t\t\t<\/div>\n\t\t\t\t\t<\/div>\n\t\t<\/div>\n\t\t\t\t<div class=\"elementor-column elementor-col-50 elementor-top-column elementor-element elementor-element-9c20d32\" data-id=\"9c20d32\" data-element_type=\"column\">\n\t\t\t<div class=\"elementor-widget-wrap elementor-element-populated\">\n\t\t\t\t\t\t\t\t<div class=\"elementor-element elementor-element-15b5751 elementor-invisible elementor-widget elementor-widget-image\" data-id=\"15b5751\" data-element_type=\"widget\" data-settings=\"{&quot;_animation&quot;:&quot;fadeInRight&quot;}\" data-widget_type=\"image.default\">\n\t\t\t\t<div class=\"elementor-widget-container\">\n\t\t\t\t\t\t\t\t\t\t\t\t\t\t\t<img loading=\"lazy\" decoding=\"async\" width=\"768\" height=\"1024\" src=\"https:\/\/ateliernk.ch\/fr\/wp-content\/uploads\/2023\/06\/AtelierNK_02-Usinage-Finition-768x1024.jpg\" class=\"attachment-large size-large wp-image-338\" alt=\"\" srcset=\"https:\/\/ateliernk.ch\/fr\/wp-content\/uploads\/2023\/06\/AtelierNK_02-Usinage-Finition-768x1024.jpg 768w, https:\/\/ateliernk.ch\/fr\/wp-content\/uploads\/2023\/06\/AtelierNK_02-Usinage-Finition-800x1067.jpg 800w, https:\/\/ateliernk.ch\/fr\/wp-content\/uploads\/2023\/06\/AtelierNK_02-Usinage-Finition-225x300.jpg 225w, https:\/\/ateliernk.ch\/fr\/wp-content\/uploads\/2023\/06\/AtelierNK_02-Usinage-Finition-1152x1536.jpg 1152w, https:\/\/ateliernk.ch\/fr\/wp-content\/uploads\/2023\/06\/AtelierNK_02-Usinage-Finition.jpg 1500w\" sizes=\"auto, (max-width: 768px) 100vw, 768px\" \/>\t\t\t\t\t\t\t\t\t\t\t\t\t\t\t<\/div>\n\t\t\t\t<\/div>\n\t\t\t\t\t<\/div>\n\t\t<\/div>\n\t\t\t\t\t\t\t<\/div>\n\t\t<\/section>\n\t\t\t\t<section class=\"elementor-section elementor-top-section elementor-element elementor-element-9ea033b elementor-section-content-top elementor-section-boxed elementor-section-height-default elementor-section-height-default\" data-id=\"9ea033b\" data-element_type=\"section\">\n\t\t\t\t\t\t<div class=\"elementor-container elementor-column-gap-default\">\n\t\t\t\t\t<div class=\"elementor-column elementor-col-50 elementor-top-column elementor-element elementor-element-295f30c\" data-id=\"295f30c\" data-element_type=\"column\">\n\t\t\t<div class=\"elementor-widget-wrap elementor-element-populated\">\n\t\t\t\t\t\t\t\t<div class=\"elementor-element elementor-element-056b5ec elementor-invisible elementor-widget elementor-widget-text-editor\" data-id=\"056b5ec\" data-element_type=\"widget\" data-settings=\"{&quot;_animation&quot;:&quot;fadeInLeft&quot;}\" data-widget_type=\"text-editor.default\">\n\t\t\t\t<div class=\"elementor-widget-container\">\n\t\t\t\t\t\t\t<h3>Signal\u00e9tique ext\u00e9rieure \/ int\u00e9rieure<\/h3><p>Nous produisons des plaques et de la signal\u00e9tique int\u00e9rieure et ext\u00e9rieure pour une client\u00e8le priv\u00e9e, telles que les avocats, les architectes ou encore les m\u00e9decins.<\/p>\t\t\t\t\t\t<\/div>\n\t\t\t\t<\/div>\n\t\t\t\t\t<\/div>\n\t\t<\/div>\n\t\t\t\t<div class=\"elementor-column elementor-col-50 elementor-top-column elementor-element elementor-element-049e17d\" data-id=\"049e17d\" data-element_type=\"column\">\n\t\t\t<div class=\"elementor-widget-wrap elementor-element-populated\">\n\t\t\t\t\t\t\t\t<div class=\"elementor-element elementor-element-e179b44 elementor-invisible elementor-widget elementor-widget-text-editor\" data-id=\"e179b44\" data-element_type=\"widget\" data-settings=\"{&quot;_animation&quot;:&quot;fadeInRight&quot;}\" data-widget_type=\"text-editor.default\">\n\t\t\t\t<div class=\"elementor-widget-container\">\n\t\t\t\t\t\t\t<h2>Enseignes \/ enseignes lumineuses<\/h2><p>Notre \u00e9quipe r\u00e9alise des enseignes lumineuses de toute forme et de toute dimension pour donner de la visibilit\u00e9 \u00e0 votre marque.\u00a0<span style=\"font-family: var(--e-global-typography-text-font-family); font-style: var(--e-global-typography-text-font-style); letter-spacing: var(--e-global-typography-text-letter-spacing); text-transform: var(--e-global-typography-text-text-transform);\">Nous \u00e9laborons votre projet en s\u00e9lectionnant les meilleures mati\u00e8res\u00a0; nous vous assurons les processus de fabrication les plus ad\u00e9quats pour une dur\u00e9e optimale de votre enseigne.<\/span><\/p>\t\t\t\t\t\t<\/div>\n\t\t\t\t<\/div>\n\t\t\t\t\t<\/div>\n\t\t<\/div>\n\t\t\t\t\t\t\t<\/div>\n\t\t<\/section>\n\t\t\t\t<section class=\"elementor-section elementor-top-section elementor-element elementor-element-8f97014 elementor-section-content-middle elementor-section-boxed elementor-section-height-default elementor-section-height-default\" data-id=\"8f97014\" data-element_type=\"section\">\n\t\t\t\t\t\t<div class=\"elementor-container elementor-column-gap-default\">\n\t\t\t\t\t<div class=\"elementor-column elementor-col-100 elementor-top-column elementor-element elementor-element-97e69c6\" data-id=\"97e69c6\" data-element_type=\"column\">\n\t\t\t<div class=\"elementor-widget-wrap elementor-element-populated\">\n\t\t\t\t\t\t\t\t<div class=\"elementor-element elementor-element-bfc54b4 elementor-invisible elementor-widget elementor-widget-image\" data-id=\"bfc54b4\" data-element_type=\"widget\" data-settings=\"{&quot;_animation&quot;:&quot;fadeInUp&quot;}\" data-widget_type=\"image.default\">\n\t\t\t\t<div class=\"elementor-widget-container\">\n\t\t\t\t\t\t\t\t\t\t\t\t\t\t\t<img loading=\"lazy\" decoding=\"async\" width=\"2000\" height=\"1335\" src=\"https:\/\/ateliernk.ch\/fr\/wp-content\/uploads\/2023\/06\/Alba-coiffure-Salon-Lausanne-1.jpg\" class=\"attachment-full size-full wp-image-590\" alt=\"\" srcset=\"https:\/\/ateliernk.ch\/fr\/wp-content\/uploads\/2023\/06\/Alba-coiffure-Salon-Lausanne-1.jpg 2000w, https:\/\/ateliernk.ch\/fr\/wp-content\/uploads\/2023\/06\/Alba-coiffure-Salon-Lausanne-1-300x200.jpg 300w, https:\/\/ateliernk.ch\/fr\/wp-content\/uploads\/2023\/06\/Alba-coiffure-Salon-Lausanne-1-1024x684.jpg 1024w, https:\/\/ateliernk.ch\/fr\/wp-content\/uploads\/2023\/06\/Alba-coiffure-Salon-Lausanne-1-768x513.jpg 768w, https:\/\/ateliernk.ch\/fr\/wp-content\/uploads\/2023\/06\/Alba-coiffure-Salon-Lausanne-1-1536x1025.jpg 1536w, https:\/\/ateliernk.ch\/fr\/wp-content\/uploads\/2023\/06\/Alba-coiffure-Salon-Lausanne-1-800x534.jpg 800w\" sizes=\"auto, (max-width: 2000px) 100vw, 2000px\" \/>\t\t\t\t\t\t\t\t\t\t\t\t\t\t\t<\/div>\n\t\t\t\t<\/div>\n\t\t\t\t\t<\/div>\n\t\t<\/div>\n\t\t\t\t\t\t\t<\/div>\n\t\t<\/section>\n\t\t\t\t<section class=\"elementor-section elementor-top-section elementor-element elementor-element-04cce40 elementor-section-boxed elementor-section-height-default elementor-section-height-default\" data-id=\"04cce40\" data-element_type=\"section\">\n\t\t\t\t\t\t<div class=\"elementor-container elementor-column-gap-default\">\n\t\t\t\t\t<div class=\"elementor-column elementor-col-100 elementor-top-column elementor-element elementor-element-77fd1b5\" data-id=\"77fd1b5\" data-element_type=\"column\">\n\t\t\t<div class=\"elementor-widget-wrap elementor-element-populated\">\n\t\t\t\t\t\t\t\t<div class=\"elementor-element elementor-element-b3b4f62 elementor-widget elementor-widget-text-editor\" data-id=\"b3b4f62\" data-element_type=\"widget\" data-widget_type=\"text-editor.default\">\n\t\t\t\t<div class=\"elementor-widget-container\">\n\t\t\t\t\t\t\t<p style=\"text-align: center;\">Quelle que soit votre demande, nous nous ferons un plaisir de vous proposer une solution originale et novatrice qui r\u00e9ponde pleinement \u00e0 vos souhaits.<\/p>\t\t\t\t\t\t<\/div>\n\t\t\t\t<\/div>\n\t\t\t\t<div class=\"elementor-element elementor-element-80c5920 elementor-mobile-align-center elementor-align-center elementor-button-default elementor-invisible elementor-widget elementor-widget-button\" data-id=\"80c5920\" data-element_type=\"widget\" data-settings=\"{&quot;_animation&quot;:&quot;fadeInUp&quot;,&quot;_animation_delay&quot;:500}\" data-widget_type=\"button.default\">\n\t\t\t\t<div class=\"elementor-widget-container\">\n\t\t\t\t\t<div class=\"elementor-button-wrapper\">\n\t\t\t<a class=\"elementor-button elementor-button-link elementor-size-sm\" href=\"#\">\n\t\t\t\t\t\t<span class=\"elementor-button-content-wrapper\">\n\t\t\t\t\t\t<span class=\"elementor-button-text\">Contactez-nous pour un devis<\/span>\n\t\t<\/span>\n\t\t\t\t\t<\/a>\n\t\t<\/div>\n\t\t\t\t<\/div>\n\t\t\t\t<\/div>\n\t\t\t\t\t<\/div>\n\t\t<\/div>\n\t\t\t\t\t\t\t<\/div>\n\t\t<\/section>\n\t\t\t\t<section class=\"elementor-section elementor-top-section elementor-element elementor-element-a1e8440 elementor-section-full_width elementor-section-stretched elementor-section-height-default elementor-section-height-default\" data-id=\"a1e8440\" data-element_type=\"section\" data-settings=\"{&quot;stretch_section&quot;:&quot;section-stretched&quot;,&quot;background_background&quot;:&quot;classic&quot;}\">\n\t\t\t\t\t\t\t<div class=\"elementor-background-overlay\"><\/div>\n\t\t\t\t\t\t\t<div class=\"elementor-container elementor-column-gap-default\">\n\t\t\t\t\t<div class=\"elementor-column elementor-col-100 elementor-top-column elementor-element elementor-element-fa576dd\" data-id=\"fa576dd\" data-element_type=\"column\">\n\t\t\t<div class=\"elementor-widget-wrap\">\n\t\t\t\t\t\t\t\t\t<\/div>\n\t\t<\/div>\n\t\t\t\t\t\t\t<\/div>\n\t\t<\/section>\n\t\t\t\t\t\t\t<\/div>\n\t\t","protected":false},"excerpt":{"rendered":"<p>Prestations savoir-faire &#8211; finesse &#8211; pr\u00e9cision Sp\u00e9cialis\u00e9s dans la d\u00e9coration et la r\u00e9alisation d\u2019\u00e9l\u00e9ments exclusifs, notre savoir-faire nous permet de vous proposer une multitude de r\u00e9alisations autant dans la forme que dans le choix de mat\u00e9riaux. Usinage de pi\u00e8ces Nous r\u00e9alisons toutes vos pi\u00e8ces sur-mesure, ind\u00e9pendamment du type de mati\u00e8re d\u00e9sir\u00e9, de la taille des [&hellip;]<\/p>\n","protected":false},"author":1,"featured_media":0,"parent":0,"menu_order":0,"comment_status":"closed","ping_status":"closed","template":"template-homepage.php","meta":{"inline_featured_image":false,"footnotes":""},"class_list":["post-506","page","type-page","status-publish","hentry"],"_links":{"self":[{"href":"https:\/\/ateliernk.ch\/fr\/wp-json\/wp\/v2\/pages\/506","targetHints":{"allow":["GET"]}}],"collection":[{"href":"https:\/\/ateliernk.ch\/fr\/wp-json\/wp\/v2\/pages"}],"about":[{"href":"https:\/\/ateliernk.ch\/fr\/wp-json\/wp\/v2\/types\/page"}],"author":[{"embeddable":true,"href":"https:\/\/ateliernk.ch\/fr\/wp-json\/wp\/v2\/users\/1"}],"replies":[{"embeddable":true,"href":"https:\/\/ateliernk.ch\/fr\/wp-json\/wp\/v2\/comments?post=506"}],"version-history":[{"count":37,"href":"https:\/\/ateliernk.ch\/fr\/wp-json\/wp\/v2\/pages\/506\/revisions"}],"predecessor-version":[{"id":681,"href":"https:\/\/ateliernk.ch\/fr\/wp-json\/wp\/v2\/pages\/506\/revisions\/681"}],"wp:attachment":[{"href":"https:\/\/ateliernk.ch\/fr\/wp-json\/wp\/v2\/media?parent=506"}],"curies":[{"name":"wp","href":"https:\/\/api.w.org\/{rel}","templated":true}]}}