{"id":46,"date":"2022-09-06T10:21:59","date_gmt":"2022-09-06T10:21:59","guid":{"rendered":"http:\/\/source.wpopal.com\/aro\/?page_id=46"},"modified":"2023-06-30T20:57:46","modified_gmt":"2023-06-30T18:57:46","slug":"home-2","status":"publish","type":"page","link":"https:\/\/ateliernk.ch\/fr\/","title":{"rendered":"Home 2"},"content":{"rendered":"\t\t<div data-elementor-type=\"wp-page\" data-elementor-id=\"46\" class=\"elementor elementor-46\">\n\t\t\t\t\t\t\t\t\t<div class=\"elementor-section elementor-top-section elementor-element elementor-element-bc9c4a5 elementor-section-stretched elementor-section-boxed elementor-section-height-default elementor-section-height-default\" data-id=\"bc9c4a5\" data-element_type=\"section\" data-settings=\"{&quot;stretch_section&quot;:&quot;section-stretched&quot;}\">\n\t\t\t\t\t\t<div class=\"elementor-container elementor-column-gap-no\">\n\t\t\t\t\t<div class=\"elementor-column elementor-col-100 elementor-top-column elementor-element elementor-element-0a81e0a\" data-id=\"0a81e0a\" data-element_type=\"column\">\n\t\t\t<div class=\"elementor-widget-wrap elementor-element-populated\">\n\t\t\t\t\t\t\t\t<div class=\"elementor-element elementor-element-c0d0868 elementor-widget elementor-widget-slider_revolution\" data-id=\"c0d0868\" data-element_type=\"widget\" data-widget_type=\"slider_revolution.default\">\n\t\t\t\t<div class=\"elementor-widget-container\">\n\t\t\t\r\n\t\t<div class=\"wp-block-themepunch-revslider\">\n\t\t\t<!-- START Slider home2 REVOLUTION SLIDER 6.6.14 --><p class=\"rs-p-wp-fix\"><\/p>\n\t\t\t<rs-module-wrap id=\"rev_slider_1_1_wrapper\" data-source=\"gallery\" style=\"visibility:hidden;background:transparent;padding:0;margin:0px auto;margin-top:0;margin-bottom:0;\">\n\t\t\t\t<rs-module id=\"rev_slider_1_1\" style=\"\" data-version=\"6.6.14\">\n\t\t\t\t\t<rs-slides style=\"overflow: hidden; position: absolute;\">\n\t\t\t\t\t\t<rs-slide style=\"position: absolute;\" data-key=\"rs-1\" data-title=\"Slide\" data-in=\"o:0;col:400;\" data-out=\"a:false;\">\n\t\t\t\t\t\t\t<img decoding=\"async\" src=\"\/\/ateliernk.ch\/fr\/wp-content\/plugins\/revslider\/public\/assets\/assets\/dummy.png\" alt=\"\" title=\"AtelierNK_06 &#8211; Usinage et gravure\" width=\"1500\" height=\"2000\" class=\"rev-slidebg tp-rs-img rs-lazyload\" data-lazyload=\"\/\/ateliernk.ch\/fr\/wp-content\/uploads\/2023\/06\/AtelierNK_06-Usinage-et-gravure.jpg\" data-panzoom=\"d:10000;ss:100;se:110%;\" data-no-retina>\n<!--\t\t\t\t\t\t--><rs-zone id=\"rrzm_1\" class=\"rev_row_zone_middle\" style=\"z-index: 16;\"><!--\n\n\t\t\t\t\t\t\t\t--><rs-row\n\t\t\t\t\t\t\t\t\tid=\"slider-1-slide-1-layer-3\" \n\t\t\t\t\t\t\t\t\tdata-type=\"row\"\n\t\t\t\t\t\t\t\t\tdata-xy=\"xo:50px;yo:50px;\"\n\t\t\t\t\t\t\t\t\tdata-rsp_bd=\"off\"\n\t\t\t\t\t\t\t\t\tdata-margin=\"t:160,160,80,50;r:30,30,15,15;b:60,60,80,80;l:30,30,15,15;\"\n\t\t\t\t\t\t\t\t\tdata-frame_0=\"o:1;\"\n\t\t\t\t\t\t\t\t\tdata-frame_999=\"o:1;st:w;sR:8700;sA:9000;\"\n\t\t\t\t\t\t\t\t\tstyle=\"z-index:1;\"\n\t\t\t\t\t\t\t\t><!--\n\t\t\t\t\t\t\t\t\t--><rs-column\n\t\t\t\t\t\t\t\t\t\tid=\"slider-1-slide-1-layer-4\" \n\t\t\t\t\t\t\t\t\t\tdata-type=\"column\"\n\t\t\t\t\t\t\t\t\t\tdata-xy=\"xo:50px;yo:50px;\"\n\t\t\t\t\t\t\t\t\t\tdata-text=\"a:left,left,center,center;\"\n\t\t\t\t\t\t\t\t\t\tdata-rsp_bd=\"off\"\n\t\t\t\t\t\t\t\t\t\tdata-column=\"w:100%;\"\n\t\t\t\t\t\t\t\t\t\tdata-frame_0=\"o:1;\"\n\t\t\t\t\t\t\t\t\t\tdata-frame_999=\"o:1;st:w;sR:8700;sA:9000;\"\n\t\t\t\t\t\t\t\t\t\tstyle=\"z-index:2;width:100%;\"\n\t\t\t\t\t\t\t\t\t><!--\n\t\t\t\t\t\t\t\t\t\t--><rs-layer\n\t\t\t\t\t\t\t\t\t\t\tid=\"slider-1-slide-1-layer-7\" \n\t\t\t\t\t\t\t\t\t\t\tdata-type=\"text\"\n\t\t\t\t\t\t\t\t\t\t\tdata-rsp_ch=\"on\"\n\t\t\t\t\t\t\t\t\t\t\tdata-xy=\"xo:50px;yo:50px;\"\n\t\t\t\t\t\t\t\t\t\t\tdata-pos=\"r\"\n\t\t\t\t\t\t\t\t\t\t\tdata-text=\"w:normal;s:110,90,80,66;l:130,110,100,86;a:left,left,center,center;\"\n\t\t\t\t\t\t\t\t\t\t\tdata-dim=\"w:72%,80%,95%,100%;\"\n\t\t\t\t\t\t\t\t\t\t\tdata-disp=\"inline-block\"\n\t\t\t\t\t\t\t\t\t\t\tdata-frame_0=\"x:-100%;\"\n\t\t\t\t\t\t\t\t\t\t\tdata-frame_0_mask=\"u:t;\"\n\t\t\t\t\t\t\t\t\t\t\tdata-frame_1=\"st:310;sp:1000;sR:310;\"\n\t\t\t\t\t\t\t\t\t\t\tdata-frame_1_mask=\"u:t;\"\n\t\t\t\t\t\t\t\t\t\t\tdata-frame_999=\"x:100%;o:1;st:w;sp:1000;sR:7690;\"\n\t\t\t\t\t\t\t\t\t\t\tdata-frame_999_mask=\"u:t;\"\n\t\t\t\t\t\t\t\t\t\t\tstyle=\"z-index:3;font-family:'Jost';display:inline-block;\"\n\t\t\t\t\t\t\t\t\t\t>Atelier NK SA \n\t\t\t\t\t\t\t\t\t\t<\/rs-layer><!--\n\n\t\t\t\t\t\t\t\t\t\t--><rs-layer\n\t\t\t\t\t\t\t\t\t\t\tid=\"slider-1-slide-1-layer-10\" \n\t\t\t\t\t\t\t\t\t\t\tdata-type=\"shape\"\n\t\t\t\t\t\t\t\t\t\t\tdata-xy=\"xo:50px,32px,24px,14px;yo:50px,32px,24px,14px;\"\n\t\t\t\t\t\t\t\t\t\t\tdata-pos=\"r\"\n\t\t\t\t\t\t\t\t\t\t\tdata-text=\"w:normal;s:20,12,9,5;c:both;l:0,16,12,7;\"\n\t\t\t\t\t\t\t\t\t\t\tdata-flcr=\"c:both;\"\n\t\t\t\t\t\t\t\t\t\t\tdata-dim=\"w:100%;h:10px;\"\n\t\t\t\t\t\t\t\t\t\t\tdata-rsp_o=\"off\"\n\t\t\t\t\t\t\t\t\t\t\tdata-rsp_bd=\"off\"\n\t\t\t\t\t\t\t\t\t\t\tdata-frame_999=\"o:0;st:w;sR:8700;\"\n\t\t\t\t\t\t\t\t\t\t\tstyle=\"z-index:4;\"\n\t\t\t\t\t\t\t\t\t\t> \n\t\t\t\t\t\t\t\t\t\t<\/rs-layer><!--\n\n\t\t\t\t\t\t\t\t\t\t--><rs-layer\n\t\t\t\t\t\t\t\t\t\t\tid=\"slider-1-slide-1-layer-8\" \n\t\t\t\t\t\t\t\t\t\t\tdata-type=\"text\"\n\t\t\t\t\t\t\t\t\t\t\tdata-xy=\"xo:50px;yo:50px;\"\n\t\t\t\t\t\t\t\t\t\t\tdata-pos=\"r\"\n\t\t\t\t\t\t\t\t\t\t\tdata-text=\"w:normal;s:31;l:49;fw:300;a:left,left,center,center;\"\n\t\t\t\t\t\t\t\t\t\t\tdata-dim=\"w:auto,80%,100%,100%;\"\n\t\t\t\t\t\t\t\t\t\t\tdata-rsp_o=\"off\"\n\t\t\t\t\t\t\t\t\t\t\tdata-rsp_bd=\"off\"\n\t\t\t\t\t\t\t\t\t\t\tdata-disp=\"inline-block\"\n\t\t\t\t\t\t\t\t\t\t\tdata-frame_0=\"x:-100%;\"\n\t\t\t\t\t\t\t\t\t\t\tdata-frame_0_mask=\"u:t;\"\n\t\t\t\t\t\t\t\t\t\t\tdata-frame_1=\"st:830;sp:1000;sR:830;\"\n\t\t\t\t\t\t\t\t\t\t\tdata-frame_1_mask=\"u:t;\"\n\t\t\t\t\t\t\t\t\t\t\tdata-frame_999=\"x:180%;o:1;st:w;sp:1000;sR:7170;\"\n\t\t\t\t\t\t\t\t\t\t\tdata-frame_999_mask=\"u:t;\"\n\t\t\t\t\t\t\t\t\t\t\tstyle=\"z-index:5;font-family:'Jost';display:inline-block;\"\n\t\t\t\t\t\t\t\t\t\t>Savoir-faire - Finesse - Pr\u00e9cision \n\t\t\t\t\t\t\t\t\t\t<\/rs-layer><!--\n\n\t\t\t\t\t\t\t\t\t\t--><rs-layer\n\t\t\t\t\t\t\t\t\t\t\tid=\"slider-1-slide-1-layer-11\" \n\t\t\t\t\t\t\t\t\t\t\tdata-type=\"shape\"\n\t\t\t\t\t\t\t\t\t\t\tdata-xy=\"xo:50px,32px,24px,14px;yo:50px,32px,24px,14px;\"\n\t\t\t\t\t\t\t\t\t\t\tdata-pos=\"r\"\n\t\t\t\t\t\t\t\t\t\t\tdata-text=\"w:normal;s:20,12,9,5;c:both;l:0,16,12,7;\"\n\t\t\t\t\t\t\t\t\t\t\tdata-flcr=\"c:both;\"\n\t\t\t\t\t\t\t\t\t\t\tdata-dim=\"w:100%;h:50px;\"\n\t\t\t\t\t\t\t\t\t\t\tdata-rsp_o=\"off\"\n\t\t\t\t\t\t\t\t\t\t\tdata-rsp_bd=\"off\"\n\t\t\t\t\t\t\t\t\t\t\tdata-frame_999=\"o:0;st:w;sR:8700;\"\n\t\t\t\t\t\t\t\t\t\t\tstyle=\"z-index:6;\"\n\t\t\t\t\t\t\t\t\t\t> \n\t\t\t\t\t\t\t\t\t\t<\/rs-layer><!--\n\n\t\t\t\t\t\t\t\t\t\t--><a\n\t\t\t\t\t\t\t\t\t\t\tid=\"slider-1-slide-1-layer-9\" \n\t\t\t\t\t\t\t\t\t\t\tclass=\"rs-layer rev-btn\"\n\t\t\t\t\t\t\t\t\t\t\thref=\"#decouvrir\" target=\"_self\"\n\t\t\t\t\t\t\t\t\t\t\tdata-type=\"button\"\n\t\t\t\t\t\t\t\t\t\t\tdata-color=\"#30373e\"\n\t\t\t\t\t\t\t\t\t\t\tdata-xy=\"xo:50px;yo:50px;\"\n\t\t\t\t\t\t\t\t\t\t\tdata-pos=\"r\"\n\t\t\t\t\t\t\t\t\t\t\tdata-text=\"w:normal;s:13;l:50,50,44,44;ls:1px;fw:600;a:left,left,center,center;\"\n\t\t\t\t\t\t\t\t\t\t\tdata-dim=\"minh:0px,none,none,none;\"\n\t\t\t\t\t\t\t\t\t\t\tdata-rsp_o=\"off\"\n\t\t\t\t\t\t\t\t\t\t\tdata-rsp_bd=\"off\"\n\t\t\t\t\t\t\t\t\t\t\tdata-disp=\"inline-block\"\n\t\t\t\t\t\t\t\t\t\t\tdata-padding=\"r:40,40,30,30;l:40,40,30,30;\"\n\t\t\t\t\t\t\t\t\t\t\tdata-frame_0=\"x:-100%;\"\n\t\t\t\t\t\t\t\t\t\t\tdata-frame_0_mask=\"u:t;\"\n\t\t\t\t\t\t\t\t\t\t\tdata-frame_1=\"st:1340;sp:1000;sR:1340;\"\n\t\t\t\t\t\t\t\t\t\t\tdata-frame_1_mask=\"u:t;\"\n\t\t\t\t\t\t\t\t\t\t\tdata-frame_999=\"x:250%;o:1;st:w;sp:1000;sR:6660;\"\n\t\t\t\t\t\t\t\t\t\t\tdata-frame_999_mask=\"u:t;\"\n\t\t\t\t\t\t\t\t\t\t\tdata-frame_hover=\"c:#fff;bgc:#daa14c;bor:0px,0px,0px,0px;sp:200;e:power1.inOut;\"\n\t\t\t\t\t\t\t\t\t\t\tstyle=\"z-index:7;background-color:#ffffff;font-family:'Jost';text-transform:uppercase;display:inline-block;\"\n\t\t\t\t\t\t\t\t\t\t>D\u00e9couvrir \n\t\t\t\t\t\t\t\t\t\t<\/a><!--\n\t\t\t\t\t\t\t\t\t--><\/rs-column><!--\n\t\t\t\t\t\t\t\t--><\/rs-row><!--\n\t\t\t\t\t\t\t--><\/rs-zone><!--\n-->\t\t\t\t\t\t<\/rs-slide>\n\t\t\t\t\t<\/rs-slides>\n\t\t\t\t<\/rs-module>\n\t\t\t\t<script>\n\t\t\t\t\tsetREVStartSize({c: 'rev_slider_1_1',rl:[1240,1024,778,480],el:[1100,768,700,450],gw:[1420,1024,778,480],gh:[1100,768,400,450],type:'standard',justify:'',layout:'fullwidth',mh:\"0\"});if (window.RS_MODULES!==undefined && window.RS_MODULES.modules!==undefined && window.RS_MODULES.modules[\"revslider11\"]!==undefined) {window.RS_MODULES.modules[\"revslider11\"].once = false;window.revapi1 = undefined;if (window.RS_MODULES.checkMinimal!==undefined) window.RS_MODULES.checkMinimal()}\n\t\t\t\t<\/script>\n\t\t\t<\/rs-module-wrap>\n\t\t\t<!-- END REVOLUTION SLIDER -->\n<\/div>\r\n\r\n\t\t\t\t<\/div>\n\t\t\t\t<\/div>\n\t\t\t\t\t<\/div>\n\t\t<\/div>\n\t\t\t\t\t\t\t<\/div>\n\t\t<\/div>\n\t\t\t\t<section class=\"elementor-section elementor-top-section elementor-element elementor-element-ca99719 elementor-section-boxed elementor-section-height-default elementor-section-height-default\" data-id=\"ca99719\" data-element_type=\"section\" id=\"decouvrir\">\n\t\t\t\t\t\t<div class=\"elementor-container elementor-column-gap-default\">\n\t\t\t\t\t<div class=\"elementor-column elementor-col-100 elementor-top-column elementor-element elementor-element-64f2299\" data-id=\"64f2299\" data-element_type=\"column\">\n\t\t\t<div class=\"elementor-widget-wrap elementor-element-populated\">\n\t\t\t\t\t\t\t\t<div class=\"elementor-element elementor-element-db78158 elementor-invisible elementor-widget elementor-widget-text-editor\" data-id=\"db78158\" data-element_type=\"widget\" data-settings=\"{&quot;_animation&quot;:&quot;fadeInUp&quot;}\" data-widget_type=\"text-editor.default\">\n\t\t\t\t<div class=\"elementor-widget-container\">\n\t\t\t<style>\/*! elementor - v3.14.0 - 18-06-2023 *\/\n.elementor-widget-text-editor.elementor-drop-cap-view-stacked .elementor-drop-cap{background-color:#69727d;color:#fff}.elementor-widget-text-editor.elementor-drop-cap-view-framed .elementor-drop-cap{color:#69727d;border:3px solid;background-color:transparent}.elementor-widget-text-editor:not(.elementor-drop-cap-view-default) .elementor-drop-cap{margin-top:8px}.elementor-widget-text-editor:not(.elementor-drop-cap-view-default) .elementor-drop-cap-letter{width:1em;height:1em}.elementor-widget-text-editor .elementor-drop-cap{float:left;text-align:center;line-height:1;font-size:50px}.elementor-widget-text-editor .elementor-drop-cap-letter{display:inline-block}<\/style>\t\t\t\t<p>Notre ma\u00eetrise du domaine de la <strong>gravure<\/strong> et de <strong>l\u2019usinage de pi\u00e8ces<\/strong> nous permet de r\u00e9pondre \u00e0 vos envies et \u00e0 vos besoins en vous proposant des <strong>solutions sur mesure<\/strong>.<\/p><p>Sp\u00e9cialis\u00e9s dans la <strong>d\u00e9coration<\/strong>, <strong>l\u2019am\u00e9nagement de boutiques<\/strong> et dans la r\u00e9alisation de pi\u00e8ces uniques, nous mettons toutes nos comp\u00e9tences \u00e0 votre service\u00a0!<\/p><p>Notre valeur ajout\u00e9e r\u00e9side dans le fait que <strong>notre \u00e9quipe polyvalente<\/strong> vous accompagne tout au long du projet depuis votre id\u00e9e, en passant par la conception, jusqu\u2019\u00e0 la r\u00e9alisation finale du produit.<\/p>\t\t\t\t\t\t<\/div>\n\t\t\t\t<\/div>\n\t\t\t\t\t<\/div>\n\t\t<\/div>\n\t\t\t\t\t\t\t<\/div>\n\t\t<\/section>\n\t\t\t\t<div class=\"elementor-section elementor-top-section elementor-element elementor-element-d3af3e9 elementor-section-stretched elementor-section-boxed elementor-section-height-default elementor-section-height-default\" data-id=\"d3af3e9\" data-element_type=\"section\" data-settings=\"{&quot;stretch_section&quot;:&quot;section-stretched&quot;}\">\n\t\t\t\t\t\t<div class=\"elementor-container elementor-column-gap-no\">\n\t\t\t\t\t<div class=\"elementor-column elementor-col-100 elementor-top-column elementor-element elementor-element-ea43164\" data-id=\"ea43164\" data-element_type=\"column\">\n\t\t\t<div class=\"elementor-widget-wrap elementor-element-populated\">\n\t\t\t\t\t\t\t\t<div class=\"elementor-element elementor-element-9dbc27f subtitle-position-above elementor-align-center elementor-widget__width-initial elementor-invisible elementor-widget elementor-widget-aro-heading\" data-id=\"9dbc27f\" data-element_type=\"widget\" data-settings=\"{&quot;_animation&quot;:&quot;fadeIn&quot;}\" data-widget_type=\"aro-heading.default\">\n\t\t\t\t<div class=\"elementor-widget-container\">\n\t\t\t<div class=\"elementor-heading-wrapper-inner\"><h2 class=\"elementor-heading-title elementor-size-default\">Notre savoir-faire sur toutes les mati\u00e8res<\/h2><div class=\"elementor-sub-title\">savoir-faire - finesse - pr\u00e9cision<\/div><\/div>\t\t<\/div>\n\t\t\t\t<\/div>\n\t\t\t\t\t<\/div>\n\t\t<\/div>\n\t\t\t\t\t\t\t<\/div>\n\t\t<\/div>\n\t\t\t\t<section class=\"elementor-section elementor-top-section elementor-element elementor-element-c8b344a elementor-section-boxed elementor-section-height-default elementor-section-height-default\" data-id=\"c8b344a\" data-element_type=\"section\">\n\t\t\t\t\t\t<div class=\"elementor-container elementor-column-gap-default\">\n\t\t\t\t\t<div class=\"elementor-column elementor-col-33 elementor-top-column elementor-element elementor-element-193a2c9\" data-id=\"193a2c9\" data-element_type=\"column\">\n\t\t\t<div class=\"elementor-widget-wrap elementor-element-populated\">\n\t\t\t\t\t\t\t\t<div class=\"elementor-element elementor-element-65c099d elementor-position-below elementor-bg-transform elementor-bg-transform-zoom-in elementor-invisible elementor-widget elementor-widget-aro-banner\" data-id=\"65c099d\" data-element_type=\"widget\" data-settings=\"{&quot;overlay_color_background&quot;:&quot;classic&quot;,&quot;overlay_color_hover_background&quot;:&quot;classic&quot;,&quot;_animation&quot;:&quot;opal-move-right&quot;}\" data-widget_type=\"aro-banner.default\">\n\t\t\t\t<div class=\"elementor-widget-container\">\n\t\t\t        <div  class=\"elementor-cta--skin-cover elementor-cta elementor-aro-banner\">\n                    <div class=\"elementor-cta__bg-wrapper\">\n                <div class=\"elementor-cta__bg-overlay\"><\/div>\n                <div class=\"elementor-cta__bg elementor-bg\" style=\"background-image: url(https:\/\/ateliernk.ch\/fr\/wp-content\/uploads\/2023\/06\/AtelierNK_07-Usinage-et-finitions-768x1024.jpg);\"><\/div>\n            <\/div>\n                <div class=\"elementor-cta__content\">\n        <div class=\"elementor-cta__content_inner\">\n        \n                <h3 class=\"elementor-cta__title elementor-cta__content-item elementor-content-item\">\n        Usinage de pi\u00e8ces        <\/h3>\n        \n        \n        \n                <\/div>\n        <\/div>\n        <\/div>\n        \t\t<\/div>\n\t\t\t\t<\/div>\n\t\t\t\t\t<\/div>\n\t\t<\/div>\n\t\t\t\t<div class=\"elementor-column elementor-col-33 elementor-top-column elementor-element elementor-element-ccbec18\" data-id=\"ccbec18\" data-element_type=\"column\">\n\t\t\t<div class=\"elementor-widget-wrap elementor-element-populated\">\n\t\t\t\t\t\t\t\t<div class=\"elementor-element elementor-element-99be37f elementor-position-below elementor-bg-transform elementor-bg-transform-zoom-in elementor-invisible elementor-widget elementor-widget-aro-banner\" data-id=\"99be37f\" data-element_type=\"widget\" data-settings=\"{&quot;overlay_color_hover_background&quot;:&quot;classic&quot;,&quot;_animation&quot;:&quot;opal-move-down&quot;}\" data-widget_type=\"aro-banner.default\">\n\t\t\t\t<div class=\"elementor-widget-container\">\n\t\t\t        <div  class=\"elementor-cta--skin-cover elementor-cta elementor-aro-banner\">\n                    <div class=\"elementor-cta__bg-wrapper\">\n                <div class=\"elementor-cta__bg-overlay\"><\/div>\n                <div class=\"elementor-cta__bg elementor-bg\" style=\"background-image: url(https:\/\/ateliernk.ch\/fr\/wp-content\/uploads\/2023\/06\/AtelierNK_06-Usinage-et-gravure-768x1024.jpg);\"><\/div>\n            <\/div>\n                <div class=\"elementor-cta__content\">\n        <div class=\"elementor-cta__content_inner\">\n        \n                <h3 class=\"elementor-cta__title elementor-cta__content-item elementor-content-item\">\n        Gravure        <\/h3>\n        \n        \n        \n                <\/div>\n        <\/div>\n        <\/div>\n        \t\t<\/div>\n\t\t\t\t<\/div>\n\t\t\t\t\t<\/div>\n\t\t<\/div>\n\t\t\t\t<div class=\"elementor-column elementor-col-33 elementor-top-column elementor-element elementor-element-690d757\" data-id=\"690d757\" data-element_type=\"column\">\n\t\t\t<div class=\"elementor-widget-wrap elementor-element-populated\">\n\t\t\t\t\t\t\t\t<div class=\"elementor-element elementor-element-ec4ffbd elementor-position-below elementor-bg-transform elementor-bg-transform-zoom-in elementor-invisible elementor-widget elementor-widget-aro-banner\" data-id=\"ec4ffbd\" data-element_type=\"widget\" data-settings=\"{&quot;overlay_color_background&quot;:&quot;classic&quot;,&quot;overlay_color_hover_background&quot;:&quot;classic&quot;,&quot;_animation&quot;:&quot;opal-move-left&quot;}\" data-widget_type=\"aro-banner.default\">\n\t\t\t\t<div class=\"elementor-widget-container\">\n\t\t\t        <div  class=\"elementor-cta--skin-cover elementor-cta elementor-aro-banner\">\n                    <div class=\"elementor-cta__bg-wrapper\">\n                <div class=\"elementor-cta__bg-overlay\"><\/div>\n                <div class=\"elementor-cta__bg elementor-bg\" style=\"background-image: url(https:\/\/ateliernk.ch\/fr\/wp-content\/uploads\/2023\/06\/AtelierNK_02-Usinage-Finition-768x1024.jpg);\"><\/div>\n            <\/div>\n                <div class=\"elementor-cta__content\">\n        <div class=\"elementor-cta__content_inner\">\n        \n                <h3 class=\"elementor-cta__title elementor-cta__content-item elementor-content-item\">\n        Serurrerie        <\/h3>\n        \n        \n        \n                <\/div>\n        <\/div>\n        <\/div>\n        \t\t<\/div>\n\t\t\t\t<\/div>\n\t\t\t\t\t<\/div>\n\t\t<\/div>\n\t\t\t\t\t\t\t<\/div>\n\t\t<\/section>\n\t\t\t\t<section class=\"elementor-section elementor-top-section elementor-element elementor-element-6888df6 elementor-section-boxed elementor-section-height-default elementor-section-height-default\" data-id=\"6888df6\" data-element_type=\"section\">\n\t\t\t\t\t\t<div class=\"elementor-container elementor-column-gap-default\">\n\t\t\t\t\t<div class=\"elementor-column elementor-col-33 elementor-top-column elementor-element elementor-element-403bab1\" data-id=\"403bab1\" data-element_type=\"column\">\n\t\t\t<div class=\"elementor-widget-wrap elementor-element-populated\">\n\t\t\t\t\t\t\t\t<div class=\"elementor-element elementor-element-c8bdddc elementor-cta--valign-middle elementor-position-below elementor-bg-transform elementor-bg-transform-zoom-in elementor-invisible elementor-widget elementor-widget-aro-banner\" data-id=\"c8bdddc\" data-element_type=\"widget\" data-settings=\"{&quot;overlay_color_background&quot;:&quot;classic&quot;,&quot;overlay_color_hover_background&quot;:&quot;classic&quot;,&quot;_animation&quot;:&quot;opal-move-right&quot;}\" data-widget_type=\"aro-banner.default\">\n\t\t\t\t<div class=\"elementor-widget-container\">\n\t\t\t        <div  class=\"elementor-cta--skin-cover elementor-cta elementor-aro-banner\">\n                    <div class=\"elementor-cta__bg-wrapper\">\n                <div class=\"elementor-cta__bg-overlay\"><\/div>\n                <div class=\"elementor-cta__bg elementor-bg\" style=\"background-image: url(https:\/\/ateliernk.ch\/fr\/wp-content\/uploads\/2023\/06\/AtelierNK_08-Finitions-768x1024.jpg);\"><\/div>\n            <\/div>\n                <div class=\"elementor-cta__content\">\n        <div class=\"elementor-cta__content_inner\">\n        \n                <h3 class=\"elementor-cta__title elementor-cta__content-item elementor-content-item\">\n        Signal\u00e9tique        <\/h3>\n        \n        \n        \n                <\/div>\n        <\/div>\n        <\/div>\n        \t\t<\/div>\n\t\t\t\t<\/div>\n\t\t\t\t\t<\/div>\n\t\t<\/div>\n\t\t\t\t<div class=\"elementor-column elementor-col-33 elementor-top-column elementor-element elementor-element-a661fe5\" data-id=\"a661fe5\" data-element_type=\"column\">\n\t\t\t<div class=\"elementor-widget-wrap elementor-element-populated\">\n\t\t\t\t\t\t\t\t<div class=\"elementor-element elementor-element-b96e0ab elementor-position-below elementor-bg-transform elementor-bg-transform-zoom-in elementor-invisible elementor-widget elementor-widget-aro-banner\" data-id=\"b96e0ab\" data-element_type=\"widget\" data-settings=\"{&quot;overlay_color_background&quot;:&quot;classic&quot;,&quot;overlay_color_hover_background&quot;:&quot;classic&quot;,&quot;_animation&quot;:&quot;opal-move-up&quot;}\" data-widget_type=\"aro-banner.default\">\n\t\t\t\t<div class=\"elementor-widget-container\">\n\t\t\t        <div  class=\"elementor-cta--skin-cover elementor-cta elementor-aro-banner\">\n                    <div class=\"elementor-cta__bg-wrapper\">\n                <div class=\"elementor-cta__bg-overlay\"><\/div>\n                <div class=\"elementor-cta__bg elementor-bg\" style=\"background-image: url(https:\/\/ateliernk.ch\/fr\/wp-content\/uploads\/2023\/06\/AtelierNK_10-Plexyglas-pieces-metales-Dessins-techniques-684x1024.jpg);\"><\/div>\n            <\/div>\n                <div class=\"elementor-cta__content\">\n        <div class=\"elementor-cta__content_inner\">\n        \n                <h3 class=\"elementor-cta__title elementor-cta__content-item elementor-content-item\">\n        Finitions vari\u00e9es        <\/h3>\n        \n        \n        \n                <\/div>\n        <\/div>\n        <\/div>\n        \t\t<\/div>\n\t\t\t\t<\/div>\n\t\t\t\t\t<\/div>\n\t\t<\/div>\n\t\t\t\t<div class=\"elementor-column elementor-col-33 elementor-top-column elementor-element elementor-element-a134105\" data-id=\"a134105\" data-element_type=\"column\">\n\t\t\t<div class=\"elementor-widget-wrap elementor-element-populated\">\n\t\t\t\t\t\t\t\t<div class=\"elementor-element elementor-element-2a306c8 elementor-position-below elementor-bg-transform elementor-bg-transform-zoom-in elementor-invisible elementor-widget elementor-widget-aro-banner\" data-id=\"2a306c8\" data-element_type=\"widget\" data-settings=\"{&quot;overlay_color_hover_background&quot;:&quot;classic&quot;,&quot;_animation&quot;:&quot;opal-move-left&quot;}\" data-widget_type=\"aro-banner.default\">\n\t\t\t\t<div class=\"elementor-widget-container\">\n\t\t\t        <div  class=\"elementor-cta--skin-cover elementor-cta elementor-aro-banner\">\n                    <div class=\"elementor-cta__bg-wrapper\">\n                <div class=\"elementor-cta__bg-overlay\"><\/div>\n                <div class=\"elementor-cta__bg elementor-bg\" style=\"background-image: url(https:\/\/ateliernk.ch\/fr\/wp-content\/uploads\/2023\/06\/AtelierNK_05-768x1024.jpg);\"><\/div>\n            <\/div>\n                <div class=\"elementor-cta__content\">\n        <div class=\"elementor-cta__content_inner\">\n        \n                <h3 class=\"elementor-cta__title elementor-cta__content-item elementor-content-item\">\n        Nos r\u00e9alisations        <\/h3>\n        \n        \n        \n                <\/div>\n        <\/div>\n        <\/div>\n        \t\t<\/div>\n\t\t\t\t<\/div>\n\t\t\t\t\t<\/div>\n\t\t<\/div>\n\t\t\t\t\t\t\t<\/div>\n\t\t<\/section>\n\t\t\t\t<section class=\"elementor-section elementor-top-section elementor-element elementor-element-04cce40 elementor-section-boxed elementor-section-height-default elementor-section-height-default\" data-id=\"04cce40\" data-element_type=\"section\">\n\t\t\t\t\t\t<div class=\"elementor-container elementor-column-gap-default\">\n\t\t\t\t\t<div class=\"elementor-column elementor-col-100 elementor-top-column elementor-element elementor-element-77fd1b5\" data-id=\"77fd1b5\" data-element_type=\"column\">\n\t\t\t<div class=\"elementor-widget-wrap elementor-element-populated\">\n\t\t\t\t\t\t\t\t<div class=\"elementor-element elementor-element-80c5920 elementor-mobile-align-center elementor-align-center elementor-button-default elementor-invisible elementor-widget elementor-widget-button\" data-id=\"80c5920\" data-element_type=\"widget\" data-settings=\"{&quot;_animation&quot;:&quot;fadeInUp&quot;,&quot;_animation_delay&quot;:500}\" data-widget_type=\"button.default\">\n\t\t\t\t<div class=\"elementor-widget-container\">\n\t\t\t\t\t<div class=\"elementor-button-wrapper\">\n\t\t\t<a class=\"elementor-button elementor-button-link elementor-size-sm\" href=\"#\">\n\t\t\t\t\t\t<span class=\"elementor-button-content-wrapper\">\n\t\t\t\t\t\t<span class=\"elementor-button-text\">Un besoin sp\u00e9cifique ? Une envie hors du commun ?<\/span>\n\t\t<\/span>\n\t\t\t\t\t<\/a>\n\t\t<\/div>\n\t\t\t\t<\/div>\n\t\t\t\t<\/div>\n\t\t\t\t\t<\/div>\n\t\t<\/div>\n\t\t\t\t\t\t\t<\/div>\n\t\t<\/section>\n\t\t\t\t<section class=\"elementor-section elementor-top-section elementor-element elementor-element-a1e8440 elementor-section-full_width elementor-section-stretched elementor-section-height-default elementor-section-height-default\" data-id=\"a1e8440\" data-element_type=\"section\" data-settings=\"{&quot;stretch_section&quot;:&quot;section-stretched&quot;,&quot;background_background&quot;:&quot;classic&quot;}\">\n\t\t\t\t\t\t\t<div class=\"elementor-background-overlay\"><\/div>\n\t\t\t\t\t\t\t<div class=\"elementor-container elementor-column-gap-default\">\n\t\t\t\t\t<div class=\"elementor-column elementor-col-100 elementor-top-column elementor-element elementor-element-fa576dd\" data-id=\"fa576dd\" data-element_type=\"column\">\n\t\t\t<div class=\"elementor-widget-wrap\">\n\t\t\t\t\t\t\t\t\t<\/div>\n\t\t<\/div>\n\t\t\t\t\t\t\t<\/div>\n\t\t<\/section>\n\t\t\t\t\t\t\t<\/div>\n\t\t","protected":false},"excerpt":{"rendered":"<p>Notre ma\u00eetrise du domaine de la gravure et de l\u2019usinage de pi\u00e8ces nous permet de r\u00e9pondre \u00e0 vos envies et \u00e0 vos besoins en vous proposant des solutions sur mesure. Sp\u00e9cialis\u00e9s dans la d\u00e9coration, l\u2019am\u00e9nagement de boutiques et dans la r\u00e9alisation de pi\u00e8ces uniques, nous mettons toutes nos comp\u00e9tences \u00e0 votre service\u00a0! Notre valeur ajout\u00e9e [&hellip;]<\/p>\n","protected":false},"author":1,"featured_media":0,"parent":0,"menu_order":0,"comment_status":"closed","ping_status":"closed","template":"template-homepage.php","meta":{"inline_featured_image":false,"footnotes":""},"class_list":["post-46","page","type-page","status-publish","hentry"],"_links":{"self":[{"href":"https:\/\/ateliernk.ch\/fr\/wp-json\/wp\/v2\/pages\/46","targetHints":{"allow":["GET"]}}],"collection":[{"href":"https:\/\/ateliernk.ch\/fr\/wp-json\/wp\/v2\/pages"}],"about":[{"href":"https:\/\/ateliernk.ch\/fr\/wp-json\/wp\/v2\/types\/page"}],"author":[{"embeddable":true,"href":"https:\/\/ateliernk.ch\/fr\/wp-json\/wp\/v2\/users\/1"}],"replies":[{"embeddable":true,"href":"https:\/\/ateliernk.ch\/fr\/wp-json\/wp\/v2\/comments?post=46"}],"version-history":[{"count":132,"href":"https:\/\/ateliernk.ch\/fr\/wp-json\/wp\/v2\/pages\/46\/revisions"}],"predecessor-version":[{"id":672,"href":"https:\/\/ateliernk.ch\/fr\/wp-json\/wp\/v2\/pages\/46\/revisions\/672"}],"wp:attachment":[{"href":"https:\/\/ateliernk.ch\/fr\/wp-json\/wp\/v2\/media?parent=46"}],"curies":[{"name":"wp","href":"https:\/\/api.w.org\/{rel}","templated":true}]}}